{"id":2441,"date":"2025-02-18T17:50:45","date_gmt":"2025-02-18T17:50:45","guid":{"rendered":"https:\/\/eadesaposentado.com.br\/site\/?page_id=2441"},"modified":"2025-07-24T20:13:58","modified_gmt":"2025-07-24T20:13:58","slug":"politica-de-privacidade","status":"publish","type":"page","link":"https:\/\/eadesaposentado.com.br\/site\/politica-de-privacidade\/","title":{"rendered":"Pol\u00edtica de Privacidade"},"content":{"rendered":"<p><span style=\"color: #444444;\">A sua privacidade \u00e9 importante para n\u00f3s. \u00c9 pol\u00edtica do Desaposentado respeitar a sua privacidade em rela\u00e7\u00e3o a qualquer informa\u00e7\u00e3o sua que possamos coletar no site <a href=\"https:\/\/eadesaposentado.com.br\/site\/\">Desaposentado<\/a>, e outros sites que possu\u00edmos e operamos.<\/span><\/p>\n<p><span style=\"color: #444444;\">Solicitamos informa\u00e7\u00f5es pessoais apenas quando realmente precisamos delas para lhe fornecer um servi\u00e7o. Fazemo-lo por meios justos e legais, com o seu conhecimento e consentimento. Tamb\u00e9m informamos por que estamos coletando e como ser\u00e1 usado.<\/span><\/p>\n<p><span style=\"color: #444444;\">Apenas retemos as informa\u00e7\u00f5es coletadas pelo tempo necess\u00e1rio para fornecer o servi\u00e7o solicitado. Quando armazenamos dados, protegemos dentro de meios comercialmente aceit\u00e1veis \u200b\u200bpara evitar perdas e roubos, bem como acesso, divulga\u00e7\u00e3o, c\u00f3pia, uso ou modifica\u00e7\u00e3o n\u00e3o autorizados.<\/span><\/p>\n<p><span style=\"color: #444444;\">N\u00e3o compartilhamos informa\u00e7\u00f5es de identifica\u00e7\u00e3o pessoal publicamente ou com terceiros, exceto quando exigido por lei.<\/span><\/p>\n<p><span style=\"color: #444444;\">O nosso site pode ter links para sites externos que n\u00e3o s\u00e3o operados por n\u00f3s. Esteja ciente de que n\u00e3o temos controle sobre o conte\u00fado e pr\u00e1ticas desses sites e n\u00e3o podemos aceitar responsabilidade por suas respectivas\u00a0<\/span>pol\u00edticas de privacidade<span style=\"color: #444444;\">.<\/span><\/p>\n<p><span style=\"color: #444444;\">Voc\u00ea \u00e9 livre para recusar a nossa solicita\u00e7\u00e3o de informa\u00e7\u00f5es pessoais, entendendo que talvez n\u00e3o possamos fornecer alguns dos servi\u00e7os desejados.<\/span><\/p>\n<p><span style=\"color: #444444;\">O uso continuado de nosso site ser\u00e1 considerado como aceita\u00e7\u00e3o de nossas pr\u00e1ticas em torno de privacidade e informa\u00e7\u00f5es pessoais. Se voc\u00ea tiver alguma d\u00favida sobre como lidamos com dados do usu\u00e1rio e informa\u00e7\u00f5es pessoais, entre em contato conosco.<\/span><\/p>\n<p>&nbsp;<\/p>\n<ul>\n<li style=\"list-style-type: none;\">\n<ul>\n<li><span style=\"color: #444444;\">O servi\u00e7o Google AdSense que usamos para veicular publicidade usa um cookie DoubleClick para veicular an\u00fancios mais relevantes em toda a Web e limitar o n\u00famero de vezes que um determinado an\u00fancio \u00e9 exibido para voc\u00ea.<\/span><\/li>\n<li><span style=\"color: #444444;\">Para mais informa\u00e7\u00f5es sobre o Google AdSense, consulte as FAQs oficiais sobre privacidade do Google AdSense.<\/span><\/li>\n<li><span style=\"color: #444444;\">V\u00e1rios parceiros anunciam em nosso nome e os cookies de rastreamento de afiliados simplesmente nos permitem ver se nossos clientes acessaram o site atrav\u00e9s de um dos sites de nossos parceiros, para que possamos credit\u00e1-los adequadamente e, quando aplic\u00e1vel, permitir que nossos parceiros afiliados ofere\u00e7am qualquer promo\u00e7\u00e3o que pode fornec\u00ea-lo para fazer uma compra.<\/span><\/li>\n<\/ul>\n<\/li>\n<\/ul>\n<p>&nbsp;<\/p>\n<h3><span style=\"color: #444444;\">Compromisso do Usu\u00e1rio<\/span><\/h3>\n<p><span style=\"color: #444444;\">O usu\u00e1rio se compromete a fazer uso adequado dos conte\u00fados e da informa\u00e7\u00e3o que o Desaposentado oferece no site e com car\u00e1ter exemplificativo, mas n\u00e3o limitativo:<\/span><\/p>\n<ul>\n<li><span style=\"color: #444444;\">A) N\u00e3o se envolver em atividades que sejam ilegais ou contr\u00e1rias \u00e0 boa f\u00e9 \u00e0 ordem p\u00fablica;<\/span><\/li>\n<li><span style=\"color: #444444;\">B) N\u00e3o difundir propaganda ou conte\u00fado de natureza racista, xenof\u00f3bica, <\/span><span style=\"color: #444444;\">qualquer tipo de pornografia ilegal, apologia ao terrorismo ou contra os direitos humanos;<\/span><\/li>\n<li><span style=\"color: #444444;\">C) N\u00e3o causar danos aos sistemas f\u00edsicos (hardwares) e l\u00f3gicos (softwares) do Desaposentado, de seus fornecedores ou terceiros, para introduzir ou disseminar v\u00edrus ou quaisquer outros sistemas de software ou hardware capazes de causar os danos mencionados.<\/span><\/li>\n<\/ul>\n<h3><span style=\"color: #444444;\">Mais Informa\u00e7\u00f5es<\/span><\/h3>\n<p><span style=\"color: #444444;\">Esperamos que tenha ficado claro e, como mencionado anteriormente, se houver algo que voc\u00ea n\u00e3o tem certeza se precisa ou n\u00e3o, geralmente \u00e9 mais seguro deixar os cookies ativados, caso interaja com um dos recursos que voc\u00ea usa em nosso site.<\/span><\/p>\n<p><span style=\"color: #444444;\">Esta pol\u00edtica \u00e9 efetiva a partir de 18 de Fevereiro de 2025.<\/span><\/p>\n","protected":false},"excerpt":{"rendered":"<p>A sua privacidade \u00e9 importante para n\u00f3s. \u00c9 pol\u00edtica do Desaposentado respeitar a sua privacidade em rela\u00e7\u00e3o a qualquer informa\u00e7\u00e3o sua que possamos coletar no site Desaposentado, e outros sites que possu\u00edmos e operamos. Solicitamos informa\u00e7\u00f5es pessoais apenas quando realmente precisamos delas para lhe fornecer um servi\u00e7o. Fazemo-lo por meios justos e legais, com o <a class=\"more-link\" href=\"https:\/\/eadesaposentado.com.br\/site\/politica-de-privacidade\/\">Continuar lendo <i class=\"fa fa-chevron-right\"><\/i><\/a><\/p>\n","protected":false},"author":1,"featured_media":0,"parent":0,"menu_order":0,"comment_status":"closed","ping_status":"closed","template":"","meta":{"content-type":"","footnotes":""},"class_list":["post-2441","page","type-page","status-publish","hentry"],"_links":{"self":[{"href":"https:\/\/eadesaposentado.com.br\/site\/wp-json\/wp\/v2\/pages\/2441","targetHints":{"allow":["GET"]}}],"collection":[{"href":"https:\/\/eadesaposentado.com.br\/site\/wp-json\/wp\/v2\/pages"}],"about":[{"href":"https:\/\/eadesaposentado.com.br\/site\/wp-json\/wp\/v2\/types\/page"}],"author":[{"embeddable":true,"href":"https:\/\/eadesaposentado.com.br\/site\/wp-json\/wp\/v2\/users\/1"}],"replies":[{"embeddable":true,"href":"https:\/\/eadesaposentado.com.br\/site\/wp-json\/wp\/v2\/comments?post=2441"}],"version-history":[{"count":1,"href":"https:\/\/eadesaposentado.com.br\/site\/wp-json\/wp\/v2\/pages\/2441\/revisions"}],"predecessor-version":[{"id":2442,"href":"https:\/\/eadesaposentado.com.br\/site\/wp-json\/wp\/v2\/pages\/2441\/revisions\/2442"}],"wp:attachment":[{"href":"https:\/\/eadesaposentado.com.br\/site\/wp-json\/wp\/v2\/media?parent=2441"}],"curies":[{"name":"wp","href":"https:\/\/api.w.org\/{rel}","templated":true}]}}