{"id":303,"date":"2016-03-10T00:45:48","date_gmt":"2016-03-10T00:45:48","guid":{"rendered":"https:\/\/eadesaposentado.com.br\/site\/\/\/?page_id=303"},"modified":"2025-07-24T20:13:57","modified_gmt":"2025-07-24T20:13:57","slug":"diferenciais-do-consultor","status":"publish","type":"page","link":"https:\/\/eadesaposentado.com.br\/site\/diferenciais-do-consultor\/","title":{"rendered":"Diferenciais do Consultor"},"content":{"rendered":"<div id=\"titulo\">\n<h2 style=\"text-align: left;\">Diferenciais<\/h2>\n<\/div>\n<style type=\"text\/css\">#timeline-grid-382 .element_0{display: block;font-size: 21px;line-height: normal;padding: 5px 10px;text-align: right;}#timeline-grid-382 .element_1{display: block;font-size: 12px;padding: 5px 10px;text-align: right;}#timeline-grid-382 .element_2{display: block;font-size: 12px;font-weight: bold;padding: 0 10px;text-align: right;}#timeline-grid-382 .element_0:hover{}#timeline-grid-382 .element_1:hover{}#timeline-grid-382 .element_2:hover{}<\/style><style type=\"text\/css\">\/*Write your CSS code here*\/\r\n#timeline-grid-382 .element_1 {\r\n    display: block;\r\n    font-size: 12px;\r\n    margin-top: -31px;\r\n    padding: 5px 10px;\r\n    text-align: center;\r\n}<\/style><style type=\"text\/css\">#timeline-grid-382 {\n\t\t\tpadding:0 0 30px 0;\n\t\t\tbackground: #fff url() repeat scroll 0 0;\n\t\t}#timeline-grid-382 .item .layer-media{\n\t\theight:auto;\n\t\toverflow: hidden;\n\t\t}\n\t@media only screen and (min-width: 1024px ) {\n\t#timeline-grid-382 .item{width:50%}\n\t\n\t}\n\t\n\t@media only screen and ( min-width: 768px ) and ( max-width: 1023px ) {\n\t#timeline-grid-382 .item{width:50%}\n\t}\n\t\n\t@media only screen and ( min-width: 320px ) and ( max-width: 767px ) {\n\t#timeline-grid-382 .item{width:100%}\n\t}\n\t\t\t\n\t\t\t\n\t\t\t\n\t\t\t<\/style><div id=\"timeline-grid-382\" class=\"timeline-grid\"><div class=\"timeline-grid-container\"><div class=\"grid-nav-top\"><\/div><div class=\"grid-middle-line\"><\/div><div class=\"grid-items\"><div  class=\"item odd skin flat ppa post-format-quote \"><div class=\"item-container\"><div class=\"layer-media\"><a href=\"https:\/\/eadesaposentado.com.br\/site\/385\/\"><img decoding=\"async\" src=\"https:\/\/eadesaposentado.com.br\/site\/\/wp-content\/uploads\/2016\/03\/IMG_9913-683x1024.jpg\" \/><\/a><\/div><div class=\"layer-content\"><div class=\"element element_0 title\" style=\"\" >&nbsp;<\/div><div class=\"element element_1 excerpt\" style=\"\" >Passou pela experi\u00eancia de transi\u00e7\u00e3o de vida para a aposentadoria e transformou a aposentadoria na grande oportunidade de sua vida.<\/div><a class=\"element element_2 read_more\" style=\"\" class=\"read-more\" href=\"https:\/\/eadesaposentado.com.br\/site\/385\/\">Read more.<\/a><\/div><div class=\"layer-hover\"><\/div><\/div><\/div><div  class=\"item even skin flat ppa post-format-quote \"><div class=\"item-container\"><div class=\"layer-media\"><a href=\"https:\/\/eadesaposentado.com.br\/site\/387\/\"><img decoding=\"async\" src=\"https:\/\/eadesaposentado.com.br\/site\/\/wp-content\/uploads\/2016\/03\/icon02.png\" \/><\/a><\/div><div class=\"layer-content\"><div class=\"element element_0 title\" style=\"\" >&nbsp;<\/div><div class=\"element element_1 excerpt\" style=\"\" >\u00c9 mentor e tem o registro do termo \u201cdesaposentado\u201d, um neologismo que visa desconstruir, desfazer, desmanchar, derrubar e desacreditar falsos mitos e preconceitos em torno da aposentadoria.<\/div><a class=\"element element_2 read_more\" style=\"\" class=\"read-more\" href=\"https:\/\/eadesaposentado.com.br\/site\/387\/\">Read more.<\/a><\/div><div class=\"layer-hover\"><\/div><\/div><\/div><div  class=\"item odd skin flat ppa post-format-quote \"><div class=\"item-container\"><div class=\"layer-media\"><a href=\"https:\/\/eadesaposentado.com.br\/site\/390\/\"><img decoding=\"async\" src=\"https:\/\/eadesaposentado.com.br\/site\/\/wp-content\/uploads\/2016\/04\/idealizador.png\" \/><\/a><\/div><div class=\"layer-content\"><div class=\"element element_0 title\" style=\"\" >&nbsp;<\/div><div class=\"element element_1 excerpt\" style=\"\" >\u00c9 idealizador e catalizador do Clube dos Desaposentados.<\/div><a class=\"element element_2 read_more\" style=\"\" class=\"read-more\" href=\"https:\/\/eadesaposentado.com.br\/site\/390\/\">Read more.<\/a><\/div><div class=\"layer-hover\"><\/div><\/div><\/div><div  class=\"item even skin flat ppa post-format-quote \"><div class=\"item-container\"><div class=\"layer-media\"><a href=\"https:\/\/eadesaposentado.com.br\/site\/395\/\"><img decoding=\"async\" src=\"https:\/\/eadesaposentado.com.br\/site\/\/wp-content\/uploads\/2016\/03\/\u00edndice.jpg\" \/><\/a><\/div><div class=\"layer-content\"><div class=\"element element_0 title\" style=\"\" >&nbsp;<\/div><div class=\"element element_1 excerpt\" style=\"\" >A inspira\u00e7\u00e3o do termo \u201cDESAPOSENTADORIA\u201d e o curso de prepara\u00e7\u00e3o para a aposentadoria, foram frutos da aprendizagem na forma\u00e7\u00e3o hol\u00edstica junto \u00e0 Unipaz, servindo como tema para a obra prima (monografia).<\/div><a class=\"element element_2 read_more\" style=\"\" class=\"read-more\" href=\"https:\/\/eadesaposentado.com.br\/site\/395\/\">Read more.<\/a><\/div><div class=\"layer-hover\"><\/div><\/div><\/div><div  class=\"item odd skin flat ppa post-format-quote \"><div class=\"item-container\"><div class=\"layer-media\"><a href=\"https:\/\/eadesaposentado.com.br\/site\/398\/\"><img decoding=\"async\" src=\"https:\/\/eadesaposentado.com.br\/site\/\/wp-content\/uploads\/2016\/03\/rodaempv.png\" \/><\/a><\/div><div class=\"layer-content\"><div class=\"element element_0 title\" style=\"\" >&nbsp;<\/div><div class=\"element element_1 excerpt\" style=\"\" >Criador das ferramentas \u201cMPV \u2013 Meu Projeto de Vida\u201d e \u201cRSV \u2013 Roda de Satisfa\u00e7\u00e3o da Vida\u201d, escolhidas e apresentadas como inova\u00e7\u00e3o no Congresso Nacional de RH, promovido pela ABRH BRASIL. Ambas ferramentas est\u00e3o registradas na Funda\u00e7\u00e3o Biblioteca Nacional sob n\u00ba 451.928.<\/div><a class=\"element element_2 read_more\" style=\"\" class=\"read-more\" href=\"https:\/\/eadesaposentado.com.br\/site\/398\/\">Read more.<\/a><\/div><div class=\"layer-hover\"><\/div><\/div><\/div><div  class=\"item even skin flat ppa post-format-quote \"><div class=\"item-container\"><div class=\"layer-media\"><a href=\"https:\/\/eadesaposentado.com.br\/site\/400\/\"><img decoding=\"async\" src=\"https:\/\/eadesaposentado.com.br\/site\/\/wp-content\/uploads\/2016\/03\/Livro1.jpg\" \/><\/a><\/div><div class=\"layer-content\"><div class=\"element element_0 title\" style=\"\" >&nbsp;<\/div><div class=\"element element_1 excerpt\" style=\"\" >\u00c9 autor do livro \u201cDesaposentado: melhor agora\u201d que serve como complemento ao PPA e tamb\u00e9m como substitutivo pr\u00e1tico aos aposentados que n\u00e3o tiveram a oportunidade de passar por programas desse tipo.<\/div><a class=\"element element_2 read_more\" style=\"\" class=\"read-more\" href=\"https:\/\/eadesaposentado.com.br\/site\/400\/\">Read more.<\/a><\/div><div class=\"layer-hover\"><\/div><\/div><\/div><div  class=\"item odd skin flat ppa \"><div class=\"item-container\"><div class=\"layer-media\"><a href=\"https:\/\/eadesaposentado.com.br\/site\/403\/\"><img decoding=\"async\" src=\"https:\/\/eadesaposentado.com.br\/site\/\/wp-content\/uploads\/2016\/03\/Livro2.jpg\" \/><\/a><\/div><div class=\"layer-content\"><div class=\"element element_0 title\" style=\"\" >&nbsp;<\/div><div class=\"element element_1 excerpt\" style=\"\" >\u00c9 coautor do livro \u201cProjeto de Vida: Uma Vis\u00e3o Ampliada\u201d que serve como complemento ao PPV \u2013 Projeto Pessoal de Vida \u2013 e tamb\u00e9m como substitutivo aos que desejam elaborar um projeto pessoal de vida, visando um maior equil\u00edbrio na vida pessoal e profissional.<\/div><a class=\"element element_2 read_more\" style=\"\" class=\"read-more\" href=\"https:\/\/eadesaposentado.com.br\/site\/403\/\">Read more.<\/a><\/div><div class=\"layer-hover\"><\/div><\/div><\/div><div  class=\"item even skin flat ppa post-format-quote \"><div class=\"item-container\"><div class=\"layer-media\"><a href=\"https:\/\/eadesaposentado.com.br\/site\/406\/\"><img decoding=\"async\" src=\"https:\/\/eadesaposentado.com.br\/site\/\/wp-content\/uploads\/2016\/03\/RH.jpg\" \/><\/a><\/div><div class=\"layer-content\"><div class=\"element element_0 title\" style=\"\" >&nbsp;<\/div><div class=\"element element_1 excerpt\" style=\"\" >Tem uma vasta experi\u00eancia como executivo de empresa, na \u00e1rea de gest\u00e3o e desenvolvimento de pessoas.<\/div><a class=\"element element_2 read_more\" style=\"\" class=\"read-more\" href=\"https:\/\/eadesaposentado.com.br\/site\/406\/\">Read more.<\/a><\/div><div class=\"layer-hover\"><\/div><\/div><\/div><div  class=\"item odd skin flat ppa post-format-quote \"><div class=\"item-container\"><div class=\"layer-media\"><a href=\"https:\/\/eadesaposentado.com.br\/site\/409\/\"><img decoding=\"async\" src=\"https:\/\/eadesaposentado.com.br\/site\/\/wp-content\/uploads\/2016\/03\/Life.png\" \/><\/a><\/div><div class=\"layer-content\"><div class=\"element element_0 title\" style=\"\" >&nbsp;<\/div><div class=\"element element_1 excerpt\" style=\"\" >Atua como Life Coach.<\/div><a class=\"element element_2 read_more\" style=\"\" class=\"read-more\" href=\"https:\/\/eadesaposentado.com.br\/site\/409\/\">Read more.<\/a><\/div><div class=\"layer-hover\"><\/div><\/div><\/div><div  class=\"item even skin flat ppa \"><div class=\"item-container\"><div class=\"layer-media\"><a href=\"https:\/\/eadesaposentado.com.br\/site\/576\/\"><img decoding=\"async\" src=\"https:\/\/eadesaposentado.com.br\/site\/\/wp-content\/uploads\/2016\/04\/inegibilidade.png\" \/><\/a><\/div><div class=\"layer-content\"><div class=\"element element_0 title\" style=\"\" >&nbsp;<\/div><div class=\"element element_1 excerpt\" style=\"\" >Em fun\u00e7\u00e3o da metodologia e material desenvolvido foi contratado por \u201cinexigibilidade\u201d por v\u00e1rios \u00d3rg\u00e3os do Poder P\u00fablico.<\/div><a class=\"element element_2 read_more\" style=\"\" class=\"read-more\" href=\"https:\/\/eadesaposentado.com.br\/site\/576\/\">Read more.<\/a><\/div><div class=\"layer-hover\"><\/div><\/div><\/div><\/div><\/div><div class=\"grid-nav-bottom\"><div class=\"pagination lite\"><\/div ><\/div><script>\n\t\tjQuery(document).ready(function($)\n\t\t{\n\t\t\t$(\".layer-media .gallery\").owlCarousel({\n\t\t\t\t\n\t\t\t\titems : 1, \/\/10 items above 1000px browser width\n\t\t\t\titemsDesktop : [1000,1], \/\/5 items between 1000px and 901px\n\t\t\t\titemsDesktopSmall : [900,1], \/\/ betweem 900px and 601px\n\t\t\t\titemsTablet: [600,1], \/\/2 items between 600 and 0\n\t\t\t\titemsMobile : [479,1], \n\t\t\t\tnavigationText : [\"\",\"\"],\n\t\t\t\tautoPlay: true,\n\t\t\t\tstopOnHover: true,\n\t\t\t\tnavigation: true,\n\t\t\t\tpagination: false,\n\t\t\t\tpaginationNumbers: true,\n\t\t\t\tslideSpeed: 500,\n\t\t\t\tpaginationSpeed: 1000,\n\t\t\t\ttouchDrag : true,\n\t\t\t\tmouseDrag  : true,\n\t\t\t\tautoHeight: true,\n\t\t\t\t});\n\t\t\n\t\t});<\/script><\/div><script>jQuery(window).load(function(){jQuery('#timeline-grid-382 .grid-items').masonry({isFitWidth: true}); });<\/script><script>jQuery(window).load(function(){\n\t\t\t\t\t\t \n\t\t\t\t\t\tjQuery('.timeline-grid .grid-items .item').each(function(){\n\t\t\t\t\t\t\t\t\n\t\t\t\t\t\t\t\tposLeft = jQuery(this).position();\n\t\t\t\t\t\t\t\t\n\t\t\t\t\t\t\t\tposLeft = posLeft.left;\n\t\t\t\t\t\t\t\t\n\t\t\t\t\t\t\t\tif(posLeft == 0){\n\t\t\t\t\t\t\t\t\t\n\t\t\t\t\t\t\t\t\thtml = '<span class=right-arrow><\/span>';\n\t\t\t\t\t\t\n\t\t\t\t\t\t\t\t\tjQuery(this).prepend(html);\n\t\t\t\t\t\t\t\t\tjQuery(this).addClass('right-point');\t\t\t\n\t\t\t\t\t\t\n\t\t\t\t\t\t\t\t}\n\t\t\t\t\t\t\t\telse{\n\t\t\t\t\t\t\t\t\thtml = '<span class=left-arrow><\/span><span class=left-point><\/span>';\n\t\t\t\t\t\t\t\t\tjQuery(this).prepend(html);\n\t\t\t\t\t\t\t\t\tjQuery(this).addClass('left-point');\t\n\t\t\t\t\t\t\t\t}\n\t\t\t\t\t\t\t});\n\t\n\t\n\t\t\t\t\t\n\t\t\t\t\t\n\t\n\t\t\t\t\t});\n\n\t\t\t\t\t<\/script>\n<p>&nbsp;<\/p>\n","protected":false},"excerpt":{"rendered":"<p>Diferenciais &nbsp;<\/p>\n","protected":false},"author":1,"featured_media":0,"parent":0,"menu_order":0,"comment_status":"closed","ping_status":"closed","template":"","meta":{"content-type":"","footnotes":""},"class_list":["post-303","page","type-page","status-publish","hentry"],"_links":{"self":[{"href":"https:\/\/eadesaposentado.com.br\/site\/wp-json\/wp\/v2\/pages\/303","targetHints":{"allow":["GET"]}}],"collection":[{"href":"https:\/\/eadesaposentado.com.br\/site\/wp-json\/wp\/v2\/pages"}],"about":[{"href":"https:\/\/eadesaposentado.com.br\/site\/wp-json\/wp\/v2\/types\/page"}],"author":[{"embeddable":true,"href":"https:\/\/eadesaposentado.com.br\/site\/wp-json\/wp\/v2\/users\/1"}],"replies":[{"embeddable":true,"href":"https:\/\/eadesaposentado.com.br\/site\/wp-json\/wp\/v2\/comments?post=303"}],"version-history":[{"count":4,"href":"https:\/\/eadesaposentado.com.br\/site\/wp-json\/wp\/v2\/pages\/303\/revisions"}],"predecessor-version":[{"id":416,"href":"https:\/\/eadesaposentado.com.br\/site\/wp-json\/wp\/v2\/pages\/303\/revisions\/416"}],"wp:attachment":[{"href":"https:\/\/eadesaposentado.com.br\/site\/wp-json\/wp\/v2\/media?parent=303"}],"curies":[{"name":"wp","href":"https:\/\/api.w.org\/{rel}","templated":true}]}}