{"id":309,"date":"2016-03-10T00:47:07","date_gmt":"2016-03-10T00:47:07","guid":{"rendered":"https:\/\/eadesaposentado.com.br\/site\/\/\/?page_id=309"},"modified":"2025-07-24T20:13:57","modified_gmt":"2025-07-24T20:13:57","slug":"metodologia","status":"publish","type":"page","link":"https:\/\/eadesaposentado.com.br\/site\/metodologia\/","title":{"rendered":"Metodologia"},"content":{"rendered":"<div id=\"titulo\">\n<h2 style=\"text-align: left;\">Metodologia<\/h2>\n<\/div>\n<div id=\"colEsq\">\n<div id=\"sepEsqcolCentral\">\n<div id=\"colCentral\">\n<p><b>Duas ferramentas como diferencial dos cursos <\/b><\/p>\n<p>A metodologia do curso \u00e9 interativa, possibilitando o envolvimento das pessoas em uma atividade na qual, al\u00e9m da viv\u00eancia, ter\u00e3o a oportunidade de analisar o processo de forma cr\u00edtica e aplicar o aprendizado em seu cotidiano. Atrav\u00e9s das ferramentas \u201cRSV- Roda de Satisfa\u00e7\u00e3o da Vida\u201d e &#8220;MPV &#8211; Meu Projeto de Vida&#8221; cada participante ter\u00e1 a oportunidade de se autoavaliar nas dez dimens\u00f5es da vida e de elaborar seu projeto de vida<\/p>\n<\/div>\n<p><img fetchpriority=\"high\" decoding=\"async\" class=\"aligncenter wp-image-362 size-full\" src=\"https:\/\/eadesaposentado.com.br\/site\/wp-content\/uploads\/2016\/03\/rodaempv.png\" alt=\"rodaempv\" width=\"581\" height=\"280\" \/><\/p>\n<\/div>\n<\/div>\n<p>A &#8220;<strong>Roda de Satisfa\u00e7\u00e3o da Vida<\/strong>&#8221;\u00a0 \u00e9 uma ferramenta de autoconhecimento que permite avaliar a percep\u00e7\u00e3o atual da satisfa\u00e7\u00e3o em cada aspecto da vida, buscando um maior equil\u00edbrio, sem supervalorizar uma dimens\u00e3o em detrimento das demais.<\/p>\n<p>O &#8220;<strong>Meu Projeto de Vida<\/strong>&#8220;, que permite produzir um projeto para a vida pessoal e atrelar a ele o plano profissional.<\/p>\n","protected":false},"excerpt":{"rendered":"<p>Metodologia Duas ferramentas como diferencial dos cursos A metodologia do curso \u00e9 interativa, possibilitando o envolvimento das pessoas em uma atividade na qual, al\u00e9m da viv\u00eancia, ter\u00e3o a oportunidade de analisar o processo de forma cr\u00edtica e aplicar o aprendizado em seu cotidiano. Atrav\u00e9s das ferramentas \u201cRSV- Roda de Satisfa\u00e7\u00e3o da Vida\u201d e &#8220;MPV &#8211; <a class=\"more-link\" href=\"https:\/\/eadesaposentado.com.br\/site\/metodologia\/\">Continuar lendo <i class=\"fa fa-chevron-right\"><\/i><\/a><\/p>\n","protected":false},"author":1,"featured_media":0,"parent":0,"menu_order":0,"comment_status":"closed","ping_status":"closed","template":"","meta":{"content-type":"","footnotes":""},"class_list":["post-309","page","type-page","status-publish","hentry"],"_links":{"self":[{"href":"https:\/\/eadesaposentado.com.br\/site\/wp-json\/wp\/v2\/pages\/309","targetHints":{"allow":["GET"]}}],"collection":[{"href":"https:\/\/eadesaposentado.com.br\/site\/wp-json\/wp\/v2\/pages"}],"about":[{"href":"https:\/\/eadesaposentado.com.br\/site\/wp-json\/wp\/v2\/types\/page"}],"author":[{"embeddable":true,"href":"https:\/\/eadesaposentado.com.br\/site\/wp-json\/wp\/v2\/users\/1"}],"replies":[{"embeddable":true,"href":"https:\/\/eadesaposentado.com.br\/site\/wp-json\/wp\/v2\/comments?post=309"}],"version-history":[{"count":12,"href":"https:\/\/eadesaposentado.com.br\/site\/wp-json\/wp\/v2\/pages\/309\/revisions"}],"predecessor-version":[{"id":1106,"href":"https:\/\/eadesaposentado.com.br\/site\/wp-json\/wp\/v2\/pages\/309\/revisions\/1106"}],"wp:attachment":[{"href":"https:\/\/eadesaposentado.com.br\/site\/wp-json\/wp\/v2\/media?parent=309"}],"curies":[{"name":"wp","href":"https:\/\/api.w.org\/{rel}","templated":true}]}}