{"id":39,"date":"2016-02-28T20:42:51","date_gmt":"2016-02-28T20:42:51","guid":{"rendered":"https:\/\/eadesaposentado.com.br\/site\/\/\/?page_id=39"},"modified":"2025-07-24T20:13:57","modified_gmt":"2025-07-24T20:13:57","slug":"clube-do-desaposentado","status":"publish","type":"page","link":"https:\/\/eadesaposentado.com.br\/site\/clube-do-desaposentado\/","title":{"rendered":"Clube dos Desaposentados"},"content":{"rendered":"<p><script src=\"https:\/\/optin.entregaemails.com.br\/accounts\/18208\/forms\/2\" type=\"text\/javascript\" charset=\"utf-8\" async defer><\/script><\/p>\n<div id=\"titulo\">\n<h2 style=\"text-align: left;\">Clube dos Desaposentados<\/h2>\n<\/div>\n<p><b>Uma oportunidade de aprendizagem cont\u00ednua<\/b><\/p>\n<p>O Clube dos Desaposentados nasceu da minha experi\u00eancia como executivo de empresas. Ao longo da minha carreira constatei que os cursos e palestras, quando eventos isolados, nem sempre cumprem os objetivos desejados. Em geral, as pessoas deixavam os encontros bastante motivadas, vibrantes e at\u00e9 emocionadas. Passado algum tempo, no entanto, tudo continuava como antes.<\/p>\n<p>O Clube surge como um canal de comunica\u00e7\u00e3o,  uma op\u00e7\u00e3o de aprendizagem cont\u00ednua, atrav\u00e9s de artigos sobre temas relevantes. O objetivo \u00e9 reciclar, aprofundar e manter vivos os temas ligados \u00e0 aposentadoria, com abordagens sempre voltadas para o campo da humaniza\u00e7\u00e3o e suas variantes.<\/p>\n<p>O Clube dos Desaposentados n\u00e3o \u00e9 um grupo comum, como aqueles que re\u00fanem pessoas que compartilham os mesmos gostos e ideais ou se identifiquem com algo que lhes \u00e9 peculiar, como hobbies. Seu diferencial est\u00e1 no pr\u00f3prio nome, um neologismo que serve de met\u00e1fora para mostrar que existe vida depois da aposentadoria formal. Seu sentido \u00e9 muito mais amplo que a confraterniza\u00e7\u00e3o interpessoal promovida por entidades clubes da chamada terceira idade, abrangendo o ser como um todo, de modo a fazer o aposentado enxergar novos horizontes no caminho da felicidade e da realiza\u00e7\u00e3o pessoal nessa importante fase de transi\u00e7\u00e3o \u2013 para alguns dolorosa \u2013, al\u00e9m de preparar e dar dicas \u00fateis \u00e0queles que est\u00e3o prestes a se aposentar.<\/p>\n<p>A proposta \u00e9 quebrar paradigmas incutidos durante anos e anos de trabalho. A inten\u00e7\u00e3o tamb\u00e9m \u00e9 descondicionar as pessoas de pr\u00e1ticas oriundas da vida laboral, descontaminando sua mente da falsa ideia de que os aposentados s\u00e3o indiv\u00edduos inativos e que n\u00e3o t\u00eam nada mais a contribuir \u00e0 sociedade.<\/p>\n<p>Prefixo \u201c<strong>des<\/strong>\u201d surgiu no sentido de \u201ca\u00e7\u00e3o contr\u00e1ria\/nega\u00e7\u00e3o\u201d e tem por objetivo desconstruir, desfazer, desmanchar, desacreditar falsos mitos e preconceitos que cercam essa fase da vida.<\/p>\n<p>Desaposentados s\u00e3o os aposentados que:<\/p>\n<ul>\n<li>Sonham, transformam os sonhos em projetos e os projetos em vida<\/li>\n<li>Ocupam a cabe\u00e7a, mente e cora\u00e7\u00e3o com algo que d\u00e1 prazer, seja em atividades remuneradas ou n\u00e3o, com o prop\u00f3sito de refor\u00e7ar a sua autoestima e fazerem com que se sintam \u00fateis e necess\u00e1rios \u00e0 sociedade<\/li>\n<li>Rimam aposentadoria com sabedoria, filosofia, poesia e alegria.<\/li>\n<\/ul>\n<p>Gostou do conceito? Para fazer parte do Clube e receber um artigo mensal, basta informar seu email.<\/p>\n<div style=\"text-align: center;\">\n<div id=\"opt_2\"><\/div>\n<\/div>\n","protected":false},"excerpt":{"rendered":"<p>Clube dos Desaposentados Uma oportunidade de aprendizagem cont\u00ednua O Clube dos Desaposentados nasceu da minha experi\u00eancia como executivo de empresas. Ao longo da minha carreira constatei que os cursos e palestras, quando eventos isolados, nem sempre cumprem os objetivos desejados. Em geral, as pessoas deixavam os encontros bastante motivadas, vibrantes e at\u00e9 emocionadas. Passado algum <a class=\"more-link\" href=\"https:\/\/eadesaposentado.com.br\/site\/clube-do-desaposentado\/\">Continuar lendo <i class=\"fa fa-chevron-right\"><\/i><\/a><\/p>\n","protected":false},"author":1,"featured_media":0,"parent":0,"menu_order":0,"comment_status":"closed","ping_status":"closed","template":"","meta":{"content-type":"","footnotes":""},"class_list":["post-39","page","type-page","status-publish","hentry"],"_links":{"self":[{"href":"https:\/\/eadesaposentado.com.br\/site\/wp-json\/wp\/v2\/pages\/39","targetHints":{"allow":["GET"]}}],"collection":[{"href":"https:\/\/eadesaposentado.com.br\/site\/wp-json\/wp\/v2\/pages"}],"about":[{"href":"https:\/\/eadesaposentado.com.br\/site\/wp-json\/wp\/v2\/types\/page"}],"author":[{"embeddable":true,"href":"https:\/\/eadesaposentado.com.br\/site\/wp-json\/wp\/v2\/users\/1"}],"replies":[{"embeddable":true,"href":"https:\/\/eadesaposentado.com.br\/site\/wp-json\/wp\/v2\/comments?post=39"}],"version-history":[{"count":8,"href":"https:\/\/eadesaposentado.com.br\/site\/wp-json\/wp\/v2\/pages\/39\/revisions"}],"predecessor-version":[{"id":730,"href":"https:\/\/eadesaposentado.com.br\/site\/wp-json\/wp\/v2\/pages\/39\/revisions\/730"}],"wp:attachment":[{"href":"https:\/\/eadesaposentado.com.br\/site\/wp-json\/wp\/v2\/media?parent=39"}],"curies":[{"name":"wp","href":"https:\/\/api.w.org\/{rel}","templated":true}]}}